{"id":7596,"date":"2023-07-20T07:54:53","date_gmt":"2023-07-20T07:54:53","guid":{"rendered":"https:\/\/hispanobelga.com\/?page_id=7596"},"modified":"2024-05-16T06:45:18","modified_gmt":"2024-05-16T06:45:18","slug":"enlaces","status":"publish","type":"page","link":"https:\/\/hispanobelga.com\/en\/inicio\/enlaces\/","title":{"rendered":"Enlaces"},"content":{"rendered":"<div data-elementor-type=\"wp-page\" data-elementor-id=\"7596\" class=\"elementor elementor-7596\">\n\t\t\t\t\t\t<section class=\"elementor-section elementor-top-section elementor-element elementor-element-fac9d98 elementor-section-boxed elementor-section-height-default elementor-section-height-default\" data-id=\"fac9d98\" data-element_type=\"section\" data-settings=\"{&quot;background_background&quot;:&quot;classic&quot;}\">\n\t\t\t\t\t\t\t<div class=\"elementor-background-overlay\"><\/div>\n\t\t\t\t\t\t\t<div class=\"elementor-container elementor-column-gap-no\">\n\t\t\t\t\t<div class=\"elementor-column elementor-col-100 elementor-top-column elementor-element elementor-element-8e2d99b\" data-id=\"8e2d99b\" data-element_type=\"column\">\n\t\t\t<div class=\"elementor-widget-wrap elementor-element-populated\">\n\t\t\t\t\t\t<section class=\"elementor-section elementor-inner-section elementor-element elementor-element-e9fb8f3 elementor-section-boxed elementor-section-height-default elementor-section-height-default\" data-id=\"e9fb8f3\" data-element_type=\"section\">\n\t\t\t\t\t\t<div class=\"elementor-container elementor-column-gap-no\">\n\t\t\t\t\t<div class=\"elementor-column elementor-col-100 elementor-inner-column elementor-element elementor-element-1b380ef\" data-id=\"1b380ef\" data-element_type=\"column\">\n\t\t\t<div class=\"elementor-widget-wrap elementor-element-populated\">\n\t\t\t\t\t\t<div class=\"elementor-element elementor-element-a9548eb elementor-invisible elementor-widget elementor-widget-elementskit-heading\" data-id=\"a9548eb\" data-element_type=\"widget\" data-settings=\"{&quot;_animation&quot;:&quot;fadeIn&quot;}\" data-widget_type=\"elementskit-heading.default\">\n\t\t\t\t<div class=\"elementor-widget-container\">\n\t\t\t\t\t<div class=\"ekit-wid-con\" ><div class=\"ekit-heading elementskit-section-title-wraper text_left   ekit_heading_tablet-   ekit_heading_mobile-\"><h1 class=\"ekit-heading--title elementskit-section-title\">Enlaces<\/h1><\/div><\/div>\t\t\t\t<\/div>\n\t\t\t\t<\/div>\n\t\t\t\t\t<\/div>\n\t\t<\/div>\n\t\t\t\t\t<\/div>\n\t\t<\/section>\n\t\t\t\t\t<\/div>\n\t\t<\/div>\n\t\t\t\t\t<\/div>\n\t\t<\/section>\n\t\t\t\t<section class=\"elementor-section elementor-top-section elementor-element elementor-element-eae7e5a elementor-section-boxed elementor-section-height-default elementor-section-height-default\" data-id=\"eae7e5a\" data-element_type=\"section\">\n\t\t\t\t\t\t<div class=\"elementor-container elementor-column-gap-default\">\n\t\t\t\t\t<div class=\"elementor-column elementor-col-100 elementor-top-column elementor-element elementor-element-28ac190\" data-id=\"28ac190\" data-element_type=\"column\">\n\t\t\t<div class=\"elementor-widget-wrap elementor-element-populated\">\n\t\t\t\t\t\t<div class=\"elementor-element elementor-element-bd9c6c1 elementor-widget elementor-widget-text-editor\" data-id=\"bd9c6c1\" data-element_type=\"widget\" data-widget_type=\"text-editor.default\">\n\t\t\t\t<div class=\"elementor-widget-container\">\n\t\t\t\t\t\t\t\t\t<p style=\"text-align: center;\">Estos enlaces aportan informaci\u00f3n adicional que puede ser necesaria o que puede ser de gran ayuda.<\/p>\t\t\t\t\t\t\t\t<\/div>\n\t\t\t\t<\/div>\n\t\t\t\t<div class=\"elementor-element elementor-element-c35cc3b elementor-widget-divider--view-line elementor-widget elementor-widget-divider\" data-id=\"c35cc3b\" data-element_type=\"widget\" data-widget_type=\"divider.default\">\n\t\t\t\t<div class=\"elementor-widget-container\">\n\t\t\t\t\t\t\t<div class=\"elementor-divider\">\n\t\t\t<span class=\"elementor-divider-separator\">\n\t\t\t\t\t\t<\/span>\n\t\t<\/div>\n\t\t\t\t\t\t<\/div>\n\t\t\t\t<\/div>\n\t\t\t\t\t<\/div>\n\t\t<\/div>\n\t\t\t\t\t<\/div>\n\t\t<\/section>\n\t\t\t\t<section class=\"elementor-section elementor-top-section elementor-element elementor-element-9c6ed99 elementor-section-boxed elementor-section-height-default elementor-section-height-default\" data-id=\"9c6ed99\" data-element_type=\"section\">\n\t\t\t\t\t\t<div class=\"elementor-container elementor-column-gap-default\">\n\t\t\t\t\t<div class=\"elementor-column elementor-col-50 elementor-top-column elementor-element elementor-element-dd8ec35\" data-id=\"dd8ec35\" data-element_type=\"column\">\n\t\t\t<div class=\"elementor-widget-wrap elementor-element-populated\">\n\t\t\t\t\t\t<div class=\"elementor-element elementor-element-a5638c8 elementor-widget elementor-widget-text-editor\" data-id=\"a5638c8\" data-element_type=\"widget\" data-widget_type=\"text-editor.default\">\n\t\t\t\t<div class=\"elementor-widget-container\">\n\t\t\t\t\t\t\t\t\t<h3 style=\"text-align: center;\">Normativa<\/h3><p style=\"text-align: center;\"><a href=\"https:\/\/www.boe.es\/boe\/dias\/2007\/11\/20\/pdfs\/C00001-00152.pdf\" target=\"_blank\" rel=\"noopener\">Plan General Contable<\/a><\/p><p style=\"text-align: center;\"><a href=\"https:\/\/www.boe.es\/buscar\/doc.php?id=BOE-A-2007-19966\" target=\"_blank\" rel=\"noopener\">Plan General Contable para PYMES<\/a><\/p><p style=\"text-align: center;\"><a href=\"https:\/\/www.boe.es\/boe\/dias\/2013\/04\/10\/pdfs\/BOE-A-2013-3781.pdf\" target=\"_blank\" rel=\"noopener\">Plan General Contabilidad de ESFL<\/a><\/p><p style=\"text-align: center;\"><a href=\"https:\/\/www.boe.es\/boe\/dias\/2011\/07\/02\/pdfs\/BOE-A-2011-11345.pdf\" target=\"_blank\" rel=\"noopener\">Ley de Auditor\u00eda de Cuentas<\/a><\/p><p style=\"text-align: center;\"><a href=\"http:\/\/www.icac.meh.es\/Temp\/20101209165544.PDF\" target=\"_blank\" rel=\"noopener\">Normas T\u00e9cnicas de Auditor\u00eda<\/a><\/p><p style=\"text-align: center;\"><a href=\"https:\/\/www.icjce.es\/images\/pdfs\/TECNICA\/NIA\/resolucion.pdf\" target=\"_blank\" rel=\"noopener\">Normas internacionales de Auditor\u00eda (NIAS)<\/a><\/p><p style=\"text-align: center;\"><a href=\"https:\/\/www.boe.es\/buscar\/act.php?id=BOE-A-2010-10544\" target=\"_blank\" rel=\"noopener\">Ley de Sociedades de Capital<\/a><\/p><p style=\"text-align: center;\"><a href=\"https:\/\/www.juntadeandalucia.es\/boja\/2011\/255\/2\" target=\"_blank\" rel=\"noopener\">Ley de Cooperativas Andaluz<\/a><\/p>\t\t\t\t\t\t\t\t<\/div>\n\t\t\t\t<\/div>\n\t\t\t\t<div class=\"elementor-element elementor-element-c9a7cc2 elementor-widget elementor-widget-image\" data-id=\"c9a7cc2\" data-element_type=\"widget\" data-widget_type=\"image.default\">\n\t\t\t\t<div class=\"elementor-widget-container\">\n\t\t\t\t\t\t\t\t\t\t\t\t\t\t\t<img fetchpriority=\"high\" decoding=\"async\" width=\"300\" height=\"200\" src=\"https:\/\/hispanobelga.com\/wp-content\/uploads\/2023\/07\/measure-up-g23ff4a2d1_1280-300x200.jpg\" class=\"attachment-medium size-medium wp-image-7880\" alt=\"\" srcset=\"https:\/\/hispanobelga.com\/wp-content\/uploads\/2023\/07\/measure-up-g23ff4a2d1_1280-300x200.jpg 300w, https:\/\/hispanobelga.com\/wp-content\/uploads\/2023\/07\/measure-up-g23ff4a2d1_1280-1024x682.jpg 1024w, https:\/\/hispanobelga.com\/wp-content\/uploads\/2023\/07\/measure-up-g23ff4a2d1_1280-768x512.jpg 768w, https:\/\/hispanobelga.com\/wp-content\/uploads\/2023\/07\/measure-up-g23ff4a2d1_1280.jpg 1280w\" sizes=\"(max-width: 300px) 100vw, 300px\" \/>\t\t\t\t\t\t\t\t\t\t\t\t\t\t\t<\/div>\n\t\t\t\t<\/div>\n\t\t\t\t\t<\/div>\n\t\t<\/div>\n\t\t\t\t<div class=\"elementor-column elementor-col-50 elementor-top-column elementor-element elementor-element-66617aa\" data-id=\"66617aa\" data-element_type=\"column\">\n\t\t\t<div class=\"elementor-widget-wrap elementor-element-populated\">\n\t\t\t\t\t\t<div class=\"elementor-element elementor-element-9deae9e elementor-widget elementor-widget-text-editor\" data-id=\"9deae9e\" data-element_type=\"widget\" data-widget_type=\"text-editor.default\">\n\t\t\t\t<div class=\"elementor-widget-container\">\n\t\t\t\t\t\t\t\t\t<h3 style=\"text-align: center;\">Organismos<\/h3><p style=\"text-align: center;\"><a href=\"http:\/\/www.icac.meh.es\/\" target=\"_blank\" rel=\"noopener\">Instituto de Contabilidad y Auditor\u00eda de Cuentas<\/a><\/p><p style=\"text-align: center;\"><a href=\"http:\/\/www.rea.es\/\" target=\"_blank\" rel=\"noopener\">Registro de Economistas Auditores\u00a0<\/a><\/p><p style=\"text-align: center;\"><a href=\"https:\/\/aeca.es\/\" target=\"_blank\" rel=\"noopener\">Asociaci\u00f3n Espa\u00f1ola de Contabilidad y Auditor\u00eda<\/a>\u00a0<\/p><p style=\"text-align: center;\"><a href=\"https:\/\/www.icjce.es\/\" target=\"_blank\" rel=\"noopener\">Instituto de Censores Jurados de Cuentas de Espa\u00f1a<\/a><\/p><p style=\"text-align: center;\"><a href=\"https:\/\/economistas.es\/\" target=\"_blank\" rel=\"noopener\">Consejo General de Colegios de Economistas<\/a><\/p><p style=\"text-align: center;\"><a href=\"https:\/\/www.www.colegioeconomistasgranada.com\/\" target=\"_blank\" rel=\"noopener\">Ilustre Colegio de Economistas de Granada<\/a><\/p><p style=\"text-align: center;\"><a href=\"https:\/\/icagr.es\/\" target=\"_blank\" rel=\"noopener\">Colegio de Abogados de Granada<\/a><\/p><p style=\"text-align: center;\"><a href=\"https:\/\/www.registradores.org\/\" target=\"_blank\" rel=\"noopener\">Registros\u00a0<\/a><\/p>\t\t\t\t\t\t\t\t<\/div>\n\t\t\t\t<\/div>\n\t\t\t\t<div class=\"elementor-element elementor-element-448d0b1 elementor-widget elementor-widget-image\" data-id=\"448d0b1\" data-element_type=\"widget\" data-widget_type=\"image.default\">\n\t\t\t\t<div class=\"elementor-widget-container\">\n\t\t\t\t\t\t\t\t\t\t\t\t\t\t\t<img decoding=\"async\" width=\"300\" height=\"200\" src=\"https:\/\/hispanobelga.com\/wp-content\/uploads\/2023\/07\/stairs-gafef7b59e_1280-300x200.jpg\" class=\"attachment-medium size-medium wp-image-7879\" alt=\"Escaleras entrando a edificio\" srcset=\"https:\/\/hispanobelga.com\/wp-content\/uploads\/2023\/07\/stairs-gafef7b59e_1280-300x200.jpg 300w, https:\/\/hispanobelga.com\/wp-content\/uploads\/2023\/07\/stairs-gafef7b59e_1280-1024x682.jpg 1024w, https:\/\/hispanobelga.com\/wp-content\/uploads\/2023\/07\/stairs-gafef7b59e_1280-768x512.jpg 768w, https:\/\/hispanobelga.com\/wp-content\/uploads\/2023\/07\/stairs-gafef7b59e_1280.jpg 1280w\" sizes=\"(max-width: 300px) 100vw, 300px\" \/>\t\t\t\t\t\t\t\t\t\t\t\t\t\t\t<\/div>\n\t\t\t\t<\/div>\n\t\t\t\t\t<\/div>\n\t\t<\/div>\n\t\t\t\t\t<\/div>\n\t\t<\/section>\n\t\t\t\t<section class=\"elementor-section elementor-top-section elementor-element elementor-element-0810d01 elementor-section-boxed elementor-section-height-default elementor-section-height-default\" data-id=\"0810d01\" data-element_type=\"section\">\n\t\t\t\t\t\t<div class=\"elementor-container elementor-column-gap-default\">\n\t\t\t\t\t<div class=\"elementor-column elementor-col-100 elementor-top-column elementor-element elementor-element-8fee6b0\" data-id=\"8fee6b0\" data-element_type=\"column\">\n\t\t\t<div class=\"elementor-widget-wrap elementor-element-populated\">\n\t\t\t\t\t\t<div class=\"elementor-element elementor-element-03df508 elementor-widget-divider--view-line elementor-widget elementor-widget-divider\" data-id=\"03df508\" data-element_type=\"widget\" data-widget_type=\"divider.default\">\n\t\t\t\t<div class=\"elementor-widget-container\">\n\t\t\t\t\t\t\t<div class=\"elementor-divider\">\n\t\t\t<span class=\"elementor-divider-separator\">\n\t\t\t\t\t\t<\/span>\n\t\t<\/div>\n\t\t\t\t\t\t<\/div>\n\t\t\t\t<\/div>\n\t\t\t\t\t<\/div>\n\t\t<\/div>\n\t\t\t\t\t<\/div>\n\t\t<\/section>\n\t\t\t\t<\/div>","protected":false},"excerpt":{"rendered":"<p>Enlaces Estos enlaces aportan informaci\u00f3n adicional que puede ser necesaria o que puede ser de gran ayuda. Normativa Plan General Contable Plan General Contable para PYMES Plan General Contabilidad de ESFL Ley de Auditor\u00eda de Cuentas Normas T\u00e9cnicas de Auditor\u00eda Normas internacionales de Auditor\u00eda (NIAS) Ley de Sociedades de Capital Ley de Cooperativas Andaluz Organismos [&hellip;]<\/p>","protected":false},"author":1,"featured_media":0,"parent":883,"menu_order":0,"comment_status":"closed","ping_status":"closed","template":"elementor_header_footer","meta":{"footnotes":""},"class_list":["post-7596","page","type-page","status-publish","hentry"],"yoast_head":"<!-- This site is optimized with the Yoast SEO plugin v25.2 - https:\/\/yoast.com\/wordpress\/plugins\/seo\/ -->\n<title>Enlaces de interes<\/title>\n<meta name=\"description\" content=\"Estos enlaces aportan informaci\u00f3n adicional que puede ser necesaria o que puede ser de gran ayuda, al tema de normativa y organismos\" \/>\n<meta name=\"robots\" content=\"index, follow, max-snippet:-1, max-image-preview:large, max-video-preview:-1\" \/>\n<link rel=\"canonical\" href=\"https:\/\/hispanobelga.com\/en\/inicio\/enlaces\/\" \/>\n<meta property=\"og:locale\" content=\"en_GB\" \/>\n<meta property=\"og:type\" content=\"article\" \/>\n<meta property=\"og:title\" content=\"Enlaces de interes\" \/>\n<meta property=\"og:description\" content=\"Estos enlaces aportan informaci\u00f3n adicional que puede ser necesaria o que puede ser de gran ayuda, al tema de normativa y organismos\" \/>\n<meta property=\"og:url\" content=\"https:\/\/hispanobelga.com\/en\/inicio\/enlaces\/\" \/>\n<meta property=\"og:site_name\" content=\"Hispano Belga Economistas &amp; Auditores, S.L.P\" \/>\n<meta property=\"article:publisher\" content=\"https:\/\/www.facebook.com\/pages\/Hispano-Belga-Economistas-Auditores-SLP\/742801459114393\" \/>\n<meta property=\"article:modified_time\" content=\"2024-05-16T06:45:18+00:00\" \/>\n<meta property=\"og:image\" content=\"https:\/\/hispanobelga.com\/wp-content\/uploads\/2023\/07\/measure-up-g23ff4a2d1_1280-300x200.jpg\" \/>\n<meta name=\"twitter:card\" content=\"summary_large_image\" \/>\n<meta name=\"twitter:site\" content=\"@Hispano_Belga\" \/>\n<meta name=\"twitter:label1\" content=\"Estimated reading time\" \/>\n\t<meta name=\"twitter:data1\" content=\"1 minute\" \/>\n<script type=\"application\/ld+json\" class=\"yoast-schema-graph\">{\"@context\":\"https:\/\/schema.org\",\"@graph\":[{\"@type\":\"WebPage\",\"@id\":\"https:\/\/hispanobelga.com\/inicio\/enlaces\/\",\"url\":\"https:\/\/hispanobelga.com\/inicio\/enlaces\/\",\"name\":\"Enlaces de interes\",\"isPartOf\":{\"@id\":\"https:\/\/hispanobelga.com\/#website\"},\"primaryImageOfPage\":{\"@id\":\"https:\/\/hispanobelga.com\/inicio\/enlaces\/#primaryimage\"},\"image\":{\"@id\":\"https:\/\/hispanobelga.com\/inicio\/enlaces\/#primaryimage\"},\"thumbnailUrl\":\"https:\/\/hispanobelga.com\/wp-content\/uploads\/2023\/07\/measure-up-g23ff4a2d1_1280-300x200.jpg\",\"datePublished\":\"2023-07-20T07:54:53+00:00\",\"dateModified\":\"2024-05-16T06:45:18+00:00\",\"description\":\"Estos enlaces aportan informaci\u00f3n adicional que puede ser necesaria o que puede ser de gran ayuda, al tema de normativa y organismos\",\"breadcrumb\":{\"@id\":\"https:\/\/hispanobelga.com\/inicio\/enlaces\/#breadcrumb\"},\"inLanguage\":\"en-GB\",\"potentialAction\":[{\"@type\":\"ReadAction\",\"target\":[\"https:\/\/hispanobelga.com\/inicio\/enlaces\/\"]}]},{\"@type\":\"ImageObject\",\"inLanguage\":\"en-GB\",\"@id\":\"https:\/\/hispanobelga.com\/inicio\/enlaces\/#primaryimage\",\"url\":\"https:\/\/hispanobelga.com\/wp-content\/uploads\/2023\/07\/measure-up-g23ff4a2d1_1280-300x200.jpg\",\"contentUrl\":\"https:\/\/hispanobelga.com\/wp-content\/uploads\/2023\/07\/measure-up-g23ff4a2d1_1280-300x200.jpg\"},{\"@type\":\"BreadcrumbList\",\"@id\":\"https:\/\/hispanobelga.com\/inicio\/enlaces\/#breadcrumb\",\"itemListElement\":[{\"@type\":\"ListItem\",\"position\":1,\"name\":\"Inicio\",\"item\":\"https:\/\/hispanobelga.com\/\"},{\"@type\":\"ListItem\",\"position\":2,\"name\":\"Inicio\",\"item\":\"https:\/\/hispanobelga.com\/\"},{\"@type\":\"ListItem\",\"position\":3,\"name\":\"Enlaces\"}]},{\"@type\":\"WebSite\",\"@id\":\"https:\/\/hispanobelga.com\/#website\",\"url\":\"https:\/\/hispanobelga.com\/\",\"name\":\"Hispanobelga\",\"description\":\"Hispano Belga Economistas &amp; Auditores, S.L.P\",\"publisher\":{\"@id\":\"https:\/\/hispanobelga.com\/#organization\"},\"potentialAction\":[{\"@type\":\"SearchAction\",\"target\":{\"@type\":\"EntryPoint\",\"urlTemplate\":\"https:\/\/hispanobelga.com\/?s={search_term_string}\"},\"query-input\":{\"@type\":\"PropertyValueSpecification\",\"valueRequired\":true,\"valueName\":\"search_term_string\"}}],\"inLanguage\":\"en-GB\"},{\"@type\":\"Organization\",\"@id\":\"https:\/\/hispanobelga.com\/#organization\",\"name\":\"Hispanobelga\",\"url\":\"https:\/\/hispanobelga.com\/\",\"logo\":{\"@type\":\"ImageObject\",\"inLanguage\":\"en-GB\",\"@id\":\"https:\/\/hispanobelga.com\/#\/schema\/logo\/image\/\",\"url\":\"https:\/\/hispanobelga.com\/wp-content\/uploads\/2023\/07\/logoHispanobelga.png\",\"contentUrl\":\"https:\/\/hispanobelga.com\/wp-content\/uploads\/2023\/07\/logoHispanobelga.png\",\"width\":1421,\"height\":333,\"caption\":\"Hispanobelga\"},\"image\":{\"@id\":\"https:\/\/hispanobelga.com\/#\/schema\/logo\/image\/\"},\"sameAs\":[\"https:\/\/www.facebook.com\/pages\/Hispano-Belga-Economistas-Auditores-SLP\/742801459114393\",\"https:\/\/x.com\/Hispano_Belga\",\"https:\/\/www.linkedin.com\/company\/5358968?trk=tyah&trkInfo=tarId1412595331745tashispano-belgaidx2-1-3\"]}]}<\/script>\n<!-- \/ Yoast SEO plugin. -->","yoast_head_json":{"title":"Enlaces de interes","description":"Estos enlaces aportan informaci\u00f3n adicional que puede ser necesaria o que puede ser de gran ayuda, al tema de normativa y organismos","robots":{"index":"index","follow":"follow","max-snippet":"max-snippet:-1","max-image-preview":"max-image-preview:large","max-video-preview":"max-video-preview:-1"},"canonical":"https:\/\/hispanobelga.com\/en\/inicio\/enlaces\/","og_locale":"en_GB","og_type":"article","og_title":"Enlaces de interes","og_description":"Estos enlaces aportan informaci\u00f3n adicional que puede ser necesaria o que puede ser de gran ayuda, al tema de normativa y organismos","og_url":"https:\/\/hispanobelga.com\/en\/inicio\/enlaces\/","og_site_name":"Hispano Belga Economistas &amp; Auditores, S.L.P","article_publisher":"https:\/\/www.facebook.com\/pages\/Hispano-Belga-Economistas-Auditores-SLP\/742801459114393","article_modified_time":"2024-05-16T06:45:18+00:00","og_image":[{"url":"https:\/\/hispanobelga.com\/wp-content\/uploads\/2023\/07\/measure-up-g23ff4a2d1_1280-300x200.jpg","type":"","width":"","height":""}],"twitter_card":"summary_large_image","twitter_site":"@Hispano_Belga","twitter_misc":{"Estimated reading time":"1 minute"},"schema":{"@context":"https:\/\/schema.org","@graph":[{"@type":"WebPage","@id":"https:\/\/hispanobelga.com\/inicio\/enlaces\/","url":"https:\/\/hispanobelga.com\/inicio\/enlaces\/","name":"Enlaces de interes","isPartOf":{"@id":"https:\/\/hispanobelga.com\/#website"},"primaryImageOfPage":{"@id":"https:\/\/hispanobelga.com\/inicio\/enlaces\/#primaryimage"},"image":{"@id":"https:\/\/hispanobelga.com\/inicio\/enlaces\/#primaryimage"},"thumbnailUrl":"https:\/\/hispanobelga.com\/wp-content\/uploads\/2023\/07\/measure-up-g23ff4a2d1_1280-300x200.jpg","datePublished":"2023-07-20T07:54:53+00:00","dateModified":"2024-05-16T06:45:18+00:00","description":"Estos enlaces aportan informaci\u00f3n adicional que puede ser necesaria o que puede ser de gran ayuda, al tema de normativa y organismos","breadcrumb":{"@id":"https:\/\/hispanobelga.com\/inicio\/enlaces\/#breadcrumb"},"inLanguage":"en-GB","potentialAction":[{"@type":"ReadAction","target":["https:\/\/hispanobelga.com\/inicio\/enlaces\/"]}]},{"@type":"ImageObject","inLanguage":"en-GB","@id":"https:\/\/hispanobelga.com\/inicio\/enlaces\/#primaryimage","url":"https:\/\/hispanobelga.com\/wp-content\/uploads\/2023\/07\/measure-up-g23ff4a2d1_1280-300x200.jpg","contentUrl":"https:\/\/hispanobelga.com\/wp-content\/uploads\/2023\/07\/measure-up-g23ff4a2d1_1280-300x200.jpg"},{"@type":"BreadcrumbList","@id":"https:\/\/hispanobelga.com\/inicio\/enlaces\/#breadcrumb","itemListElement":[{"@type":"ListItem","position":1,"name":"Inicio","item":"https:\/\/hispanobelga.com\/"},{"@type":"ListItem","position":2,"name":"Inicio","item":"https:\/\/hispanobelga.com\/"},{"@type":"ListItem","position":3,"name":"Enlaces"}]},{"@type":"WebSite","@id":"https:\/\/hispanobelga.com\/#website","url":"https:\/\/hispanobelga.com\/","name":"Hispanobelga","description":"Hispano Belga Economistas &amp; Auditores, S.L.P","publisher":{"@id":"https:\/\/hispanobelga.com\/#organization"},"potentialAction":[{"@type":"SearchAction","target":{"@type":"EntryPoint","urlTemplate":"https:\/\/hispanobelga.com\/?s={search_term_string}"},"query-input":{"@type":"PropertyValueSpecification","valueRequired":true,"valueName":"search_term_string"}}],"inLanguage":"en-GB"},{"@type":"Organization","@id":"https:\/\/hispanobelga.com\/#organization","name":"Hispanobelga","url":"https:\/\/hispanobelga.com\/","logo":{"@type":"ImageObject","inLanguage":"en-GB","@id":"https:\/\/hispanobelga.com\/#\/schema\/logo\/image\/","url":"https:\/\/hispanobelga.com\/wp-content\/uploads\/2023\/07\/logoHispanobelga.png","contentUrl":"https:\/\/hispanobelga.com\/wp-content\/uploads\/2023\/07\/logoHispanobelga.png","width":1421,"height":333,"caption":"Hispanobelga"},"image":{"@id":"https:\/\/hispanobelga.com\/#\/schema\/logo\/image\/"},"sameAs":["https:\/\/www.facebook.com\/pages\/Hispano-Belga-Economistas-Auditores-SLP\/742801459114393","https:\/\/x.com\/Hispano_Belga","https:\/\/www.linkedin.com\/company\/5358968?trk=tyah&trkInfo=tarId1412595331745tashispano-belgaidx2-1-3"]}]}},"_links":{"self":[{"href":"https:\/\/hispanobelga.com\/en\/wp-json\/wp\/v2\/pages\/7596","targetHints":{"allow":["GET"]}}],"collection":[{"href":"https:\/\/hispanobelga.com\/en\/wp-json\/wp\/v2\/pages"}],"about":[{"href":"https:\/\/hispanobelga.com\/en\/wp-json\/wp\/v2\/types\/page"}],"author":[{"embeddable":true,"href":"https:\/\/hispanobelga.com\/en\/wp-json\/wp\/v2\/users\/1"}],"replies":[{"embeddable":true,"href":"https:\/\/hispanobelga.com\/en\/wp-json\/wp\/v2\/comments?post=7596"}],"version-history":[{"count":0,"href":"https:\/\/hispanobelga.com\/en\/wp-json\/wp\/v2\/pages\/7596\/revisions"}],"up":[{"embeddable":true,"href":"https:\/\/hispanobelga.com\/en\/wp-json\/wp\/v2\/pages\/883"}],"wp:attachment":[{"href":"https:\/\/hispanobelga.com\/en\/wp-json\/wp\/v2\/media?parent=7596"}],"curies":[{"name":"wp","href":"https:\/\/api.w.org\/{rel}","templated":true}]}}