{"id":7677,"date":"2023-07-20T09:03:16","date_gmt":"2023-07-20T09:03:16","guid":{"rendered":"https:\/\/hispanobelga.com\/?page_id=7677"},"modified":"2024-03-19T09:07:43","modified_gmt":"2024-03-19T09:07:43","slug":"aviso-legal","status":"publish","type":"page","link":"https:\/\/hispanobelga.com\/en\/aviso-legal\/","title":{"rendered":"Aviso Legal"},"content":{"rendered":"<div data-elementor-type=\"wp-page\" data-elementor-id=\"7677\" class=\"elementor elementor-7677\">\n\t\t\t\t\t\t<section class=\"elementor-section elementor-top-section elementor-element elementor-element-60c3729 elementor-section-boxed elementor-section-height-default elementor-section-height-default\" data-id=\"60c3729\" data-element_type=\"section\" data-settings=\"{&quot;background_background&quot;:&quot;classic&quot;}\">\n\t\t\t\t\t\t\t<div class=\"elementor-background-overlay\"><\/div>\n\t\t\t\t\t\t\t<div class=\"elementor-container elementor-column-gap-no\">\n\t\t\t\t\t<div class=\"elementor-column elementor-col-100 elementor-top-column elementor-element elementor-element-521086c\" data-id=\"521086c\" data-element_type=\"column\">\n\t\t\t<div class=\"elementor-widget-wrap elementor-element-populated\">\n\t\t\t\t\t\t<section class=\"elementor-section elementor-inner-section elementor-element elementor-element-eeef87b elementor-section-boxed elementor-section-height-default elementor-section-height-default\" data-id=\"eeef87b\" data-element_type=\"section\">\n\t\t\t\t\t\t<div class=\"elementor-container elementor-column-gap-no\">\n\t\t\t\t\t<div class=\"elementor-column elementor-col-100 elementor-inner-column elementor-element elementor-element-b69ff81\" data-id=\"b69ff81\" data-element_type=\"column\">\n\t\t\t<div class=\"elementor-widget-wrap elementor-element-populated\">\n\t\t\t\t\t\t<div class=\"elementor-element elementor-element-ff444f4 elementor-invisible elementor-widget elementor-widget-elementskit-heading\" data-id=\"ff444f4\" data-element_type=\"widget\" data-settings=\"{&quot;_animation&quot;:&quot;fadeIn&quot;}\" data-widget_type=\"elementskit-heading.default\">\n\t\t\t\t<div class=\"elementor-widget-container\">\n\t\t\t\t\t<div class=\"ekit-wid-con\" ><div class=\"ekit-heading elementskit-section-title-wraper text_left   ekit_heading_tablet-   ekit_heading_mobile-\"><h3 class=\"ekit-heading--title elementskit-section-title\">Aviso legal y Pol\u00edtica de Privacidad<\/h3><\/div><\/div>\t\t\t\t<\/div>\n\t\t\t\t<\/div>\n\t\t\t\t\t<\/div>\n\t\t<\/div>\n\t\t\t\t\t<\/div>\n\t\t<\/section>\n\t\t\t\t\t<\/div>\n\t\t<\/div>\n\t\t\t\t\t<\/div>\n\t\t<\/section>\n\t\t\t\t<section class=\"elementor-section elementor-top-section elementor-element elementor-element-d1d05b5 elementor-section-boxed elementor-section-height-default elementor-section-height-default\" data-id=\"d1d05b5\" data-element_type=\"section\">\n\t\t\t\t\t\t<div class=\"elementor-container elementor-column-gap-default\">\n\t\t\t\t\t<div class=\"elementor-column elementor-col-100 elementor-top-column elementor-element elementor-element-e8eec2b\" data-id=\"e8eec2b\" data-element_type=\"column\">\n\t\t\t<div class=\"elementor-widget-wrap elementor-element-populated\">\n\t\t\t\t\t\t<div class=\"elementor-element elementor-element-1b6eec8 elementor-widget-divider--view-line elementor-widget elementor-widget-divider\" data-id=\"1b6eec8\" data-element_type=\"widget\" data-widget_type=\"divider.default\">\n\t\t\t\t<div class=\"elementor-widget-container\">\n\t\t\t\t\t\t\t<div class=\"elementor-divider\">\n\t\t\t<span class=\"elementor-divider-separator\">\n\t\t\t\t\t\t<\/span>\n\t\t<\/div>\n\t\t\t\t\t\t<\/div>\n\t\t\t\t<\/div>\n\t\t\t\t\t<\/div>\n\t\t<\/div>\n\t\t\t\t\t<\/div>\n\t\t<\/section>\n\t\t\t\t<section class=\"elementor-section elementor-top-section elementor-element elementor-element-de7d682 elementor-section-boxed elementor-section-height-default elementor-section-height-default\" data-id=\"de7d682\" data-element_type=\"section\">\n\t\t\t\t\t\t<div class=\"elementor-container elementor-column-gap-default\">\n\t\t\t\t\t<div class=\"elementor-column elementor-col-100 elementor-top-column elementor-element elementor-element-7e62758\" data-id=\"7e62758\" data-element_type=\"column\">\n\t\t\t<div class=\"elementor-widget-wrap elementor-element-populated\">\n\t\t\t\t\t\t<div class=\"elementor-element elementor-element-8203e65 elementor-widget elementor-widget-text-editor\" data-id=\"8203e65\" data-element_type=\"widget\" data-widget_type=\"text-editor.default\">\n\t\t\t\t<div class=\"elementor-widget-container\">\n\t\t\t\t\t\t\t\t\t<h3>AVISO LEGAL<\/h3>\n<p style=\"text-align: justify;\">Esta p\u00e1gina Web es propiedad de HISPANO BELGA ECONOMISTAS &amp; AUDITORES S.L.P., con NIF n\u00ba B18734681 y domicilio en C\/ ARENAS 7, 2\u00baB ( 18005 Granada ) e Inscrita en el Registro Mercantil de Granada en el Tomo 1154, Folio 150, n\u00famero de hoja registral 27.146\n\nPara cualquier consulta o propuesta, cont\u00e1ctenos llamando al tel\u00e9fono 958258055 o en el e-mail lola@hispanobelga.com.\n\nEsta p\u00e1gina Web se rige por la normativa exclusivamente aplicable en Espa\u00f1a, quedando sometida a ella, tanto nacionales como extranjeros que utilicen esta Web.\n\nEl acceso a nuestra p\u00e1gina Web por parte de la PERSONA USUARIA es gratuito y su uso se rige por las condiciones de uso vigentes en el momento del acceso, que rogamos lea detenidamente. Si la PERSONA USUARIA no estuviere de acuerdo con las presentes condiciones de uso, deber\u00e1 abstenerse de utilizar este portal y operar por medio del mismo, pudiendo contactar con nosotros para que le resolvamos cualquier duda en relaci\u00f3n a las mismas.\n\nEl suministro de datos personales y la compra de productos a trav\u00e9s de nuestro portal requiere una edad m\u00ednima de 14 a\u00f1os, o en su caso, disponer de capacidad jur\u00eddica suficiente para contratar.\n\nEn cualquier momento podremos modificar la presentaci\u00f3n y configuraci\u00f3n de nuestra Web, ampliar o reducir servicios, e incluso suprimirla de la Red, as\u00ed como los servicios y contenidos prestados.\n<\/p>\n\n<h4>A. PROPIEDAD INTELECTUAL<\/h4>\n<p style=\"text-align: justify;\">Todos los contenidos, textos, im\u00e1genes, y c\u00f3digos fuente son propiedad de HISPANO BELGA ECONOMISTAS &amp; AUDITORES S.L.P. o de terceros a los que se han adquirido sus derechos de explotaci\u00f3n, y est\u00e1n protegidos por los derechos de Propiedad Intelectual e Industrial.\n\nLa PERSONA USUARIA \u00fanicamente tiene derecho a un uso privado de los mismos, sin \u00e1nimo de lucro, y necesita autorizaci\u00f3n expresa para modificarlos, reproducirlos, explotarlos, distribuirlos o ejercer cualquier derecho perteneciente a su titular.\n\nHISPANO BELGA ECONOMISTAS &amp; AUDITORES S.L.P. es una marca registrada, y est\u00e1 prohibida su reproducci\u00f3n, imitaci\u00f3n, utilizaci\u00f3n o inserci\u00f3n de estas marcas sin nuestra debida autorizaci\u00f3n.\n\nEl establecimiento de enlaces a nuestro portal no confiere ning\u00fan derecho sobre el mismo. Asimismo, el simple hecho de establecer un enlace a nuestra p\u00e1gina web no da derecho a otorgarse la categor\u00eda de colaborador o socio.\n\nHISPANO BELGA ECONOMISTAS &amp; AUDITORES S.L.P. queda exonerado de responsabilidad por cualquier reclamaci\u00f3n respecto a los derechos de propiedad intelectual de los art\u00edculos e im\u00e1genes publicadas por terceros en su portal.\nEst\u00e1 absolutamente prohibida la imitaci\u00f3n ya sea total o parcial de nuestro portal o el establecimiento de enlaces a nuestra p\u00e1gina web sin la autorizaci\u00f3n previa de HISPANO BELGA ECONOMISTAS &amp; AUDITORES S.L.P..\n<\/p>\n\n<h4>B. CONDICIONES DE ACCESO Y USO<\/h4>\n<p style=\"text-align: justify;\">El acceso a nuestra p\u00e1gina Web es gratuito y no exige suscripci\u00f3n o registro previo. Sin embargo, determinados servicios son de acceso restringido a determinadas PERSONAS USUARIAS y requieren haber realizado un proceso de registro y\/o la identificaci\u00f3n mediante contrase\u00f1as. Estos servicios quedar\u00e1n debidamente identificados en la Web.\n\nEl env\u00edo de datos personales implica la aceptaci\u00f3n expresa por parte de la PERSONA USUARIA de nuestra pol\u00edtica de privacidad.\n\nLa PERSONA USUARIA debe acceder a nuestra p\u00e1gina Web conforme a la buena fe, las normas de orden p\u00fablico y a las presentes Condiciones Generales de uso. El acceso a nuestro sitio Web se realiza bajo la propia y exclusiva responsabilidad de la PERSONA USUARIA, que responder\u00e1 en todo caso de los da\u00f1os y perjuicios que pueda causar a terceros o a nosotros mismos.\n\nLa PERSONA USUARIA tiene expresamente prohibida la utilizaci\u00f3n y obtenci\u00f3n de los servicios, productos y contenidos ofrecidos en la presente p\u00e1gina web, por procedimientos distintos a los estipulados en las presentes condiciones de uso y, en su caso, en las condiciones particulares que regulen la adquisici\u00f3n de determinados productos.\n\nLa PERSONA USUARIA tiene prohibido cualquier tipo de acci\u00f3n sobre nuestro portal que origine una excesiva sobrecarga de funcionamiento a nuestros sistemas inform\u00e1ticos, as\u00ed como la introducci\u00f3n de virus, o instalaci\u00f3n de robots, o software que altere el normal funcionamiento de nuestra web, o en definitiva pueda causar da\u00f1os a nuestros sistemas inform\u00e1ticos.\n\nTeniendo en cuenta la dificultad de control respecto a la informaci\u00f3n, contenidos y servicios que contengan p\u00e1ginas web de terceros disponibles desde nuestra p\u00e1gina web, le comunicamos que HISPANO BELGA ECONOMISTAS &amp; AUDITORES S.L.P., no se hace responsable de los mismos, sin perjuicio de que intentar\u00e1, en la medida de lo posible, velar por su legalidad.\n\nHISPANO BELGA ECONOMISTAS &amp; AUDITORES S.L.P. se reserva el derecho a dar de baja a cualquier PERSONA USUARIA que la organizaci\u00f3n entienda que ha vulnerado las condiciones que rigen el uso de nuestra p\u00e1gina web. Asimismo, se reserva el derecho de ejercitar las acciones legales oportunas contra aquellos que vulneren las presentes condiciones generales de uso.\n<\/p>\n\n<h4>C. POL\u00cdTICA DE PRIVACIDAD<\/h4>\n<p style=\"text-align: justify;\">La confidencialidad y la seguridad son valores primordiales de HISPANO BELGA ECONOMISTAS &amp; AUDITORES S.L.P. y, en consecuencia, asumimos el compromiso de garantizar la privacidad de la PERSONA USUARIA en todo momento y de no recabar informaci\u00f3n innecesaria.\n\nEl suministro de datos personales a trav\u00e9s de nuestro portal requiere una edad m\u00ednima de 14 a\u00f1os y la aceptaci\u00f3n expresa de nuestra Pol\u00edtica de Privacidad.\n<\/p>\n<h4>D. RESPONSABILIDADES<\/h4>\n<p style=\"text-align: justify;\">Al poner a disposici\u00f3n de la PERSONA USUARIA esta p\u00e1gina Web queremos ofrecerle un servicio de calidad, utilizando la m\u00e1xima diligencia en la prestaci\u00f3n del mismo, as\u00ed como en los medios tecnol\u00f3gicos utilizados. No obstante, HISPANO BELGA ECONOMISTAS &amp; AUDITORES S.L.P. no garantiza que la disponibilidad del servicio sea continua e ininterrumpida, por circunstancias originadas por problemas en la red de Internet, aver\u00edas en los dispositivos inform\u00e1ticos u otras circunstancias imprevisibles, de manera que la PERSONA USUARIA acepta soportar dentro de unos l\u00edmites razonables estas circunstancias.\n\nEsta p\u00e1gina web, salvo lo regulado, en su caso, por algunas condiciones de uso espec\u00edficas, es puramente informativa y de presentaci\u00f3n corporativa de nuestros productos y servicios, por lo que HISPANO BELGA ECONOMISTAS &amp; AUDITORES S.L.P. no se responsabiliza por las expectativas de cualquier tipo que pueda generar a la PERSONA USUARIA.\n\nTodo lo referente a nuestra p\u00e1gina web, se rige exclusivamente por las leyes espa\u00f1olas. En el caso de que se produzca cualquier tipo de discrepancia o diferencia entre las partes en relaci\u00f3n con la interpretaci\u00f3n y contenido de la presente p\u00e1gina web, todas las partes se someten a los Juzgados y Tribunales que legalmente correspondan.\n<\/p>\n<h4>E. VIGENCIA DE LAS CONDICIONES GENERALES DE ACCESO A LA WEB<\/h4>\n<p style=\"text-align: justify;\">Las presentes Condiciones Generales de Uso han sido modificadas con fecha 13\/09\/2023. En cualquier momento podemos proceder a su modificaci\u00f3n: por favor, compruebe la fecha de emisi\u00f3n en cada ocasi\u00f3n en que se conecte a nuestra p\u00e1gina Web y as\u00ed tendr\u00e1 la certeza de que no se ha producido modificaci\u00f3n alguna que le afecte.\n\nPara cualquier cuesti\u00f3n respecto a las Condiciones de Uso de nuestra p\u00e1gina web, puede ponerse en contacto con nosotros en los datos arriba indicados, o con Lant Abogados en info@lant-abogados.com o en <a href=\"https:\/\/www.lant-abogados.com\/.\">https:\/\/www.lant-abogados.com\/.<\/a>\n<\/p>\t\t\t\t\t\t\t\t<\/div>\n\t\t\t\t<\/div>\n\t\t\t\t\t<\/div>\n\t\t<\/div>\n\t\t\t\t\t<\/div>\n\t\t<\/section>\n\t\t\t\t<section class=\"elementor-section elementor-top-section elementor-element elementor-element-834e267 elementor-section-boxed elementor-section-height-default elementor-section-height-default\" data-id=\"834e267\" data-element_type=\"section\">\n\t\t\t\t\t\t<div class=\"elementor-container elementor-column-gap-default\">\n\t\t\t\t\t<div class=\"elementor-column elementor-col-100 elementor-top-column elementor-element elementor-element-db0a2ac\" data-id=\"db0a2ac\" data-element_type=\"column\">\n\t\t\t<div class=\"elementor-widget-wrap elementor-element-populated\">\n\t\t\t\t\t\t<div class=\"elementor-element elementor-element-39c1e85 elementor-widget-divider--view-line elementor-widget elementor-widget-divider\" data-id=\"39c1e85\" data-element_type=\"widget\" data-widget_type=\"divider.default\">\n\t\t\t\t<div class=\"elementor-widget-container\">\n\t\t\t\t\t\t\t<div class=\"elementor-divider\">\n\t\t\t<span class=\"elementor-divider-separator\">\n\t\t\t\t\t\t<\/span>\n\t\t<\/div>\n\t\t\t\t\t\t<\/div>\n\t\t\t\t<\/div>\n\t\t\t\t\t<\/div>\n\t\t<\/div>\n\t\t\t\t\t<\/div>\n\t\t<\/section>\n\t\t\t\t<\/div>","protected":false},"excerpt":{"rendered":"<p>Aviso legal y Pol\u00edtica de Privacidad AVISO LEGAL Esta p\u00e1gina Web es propiedad de HISPANO BELGA ECONOMISTAS &amp; AUDITORES S.L.P., con NIF n\u00ba B18734681 y domicilio en C\/ ARENAS 7, 2\u00baB ( 18005 Granada ) e Inscrita en el Registro Mercantil de Granada en el Tomo 1154, Folio 150, n\u00famero de hoja registral 27.146 Para [&hellip;]<\/p>","protected":false},"author":1,"featured_media":0,"parent":0,"menu_order":0,"comment_status":"closed","ping_status":"closed","template":"elementor_header_footer","meta":{"footnotes":""},"class_list":["post-7677","page","type-page","status-publish","hentry"],"yoast_head":"<!-- This site is optimized with the Yoast SEO plugin v25.2 - https:\/\/yoast.com\/wordpress\/plugins\/seo\/ -->\n<title>Aviso Legal<\/title>\n<meta name=\"description\" content=\"Aviso legal, Propiedad intelectual Condiciones de acceso, uso de pol\u00edticas de privacidad, Responsabilidades de vigencia, etc.\" \/>\n<meta name=\"robots\" content=\"index, follow, max-snippet:-1, max-image-preview:large, max-video-preview:-1\" \/>\n<link rel=\"canonical\" href=\"https:\/\/hispanobelga.com\/en\/aviso-legal\/\" \/>\n<meta property=\"og:locale\" content=\"en_GB\" \/>\n<meta property=\"og:type\" content=\"article\" \/>\n<meta property=\"og:title\" content=\"Aviso Legal\" \/>\n<meta property=\"og:description\" content=\"Aviso legal, Propiedad intelectual Condiciones de acceso, uso de pol\u00edticas de privacidad, Responsabilidades de vigencia, etc.\" \/>\n<meta property=\"og:url\" content=\"https:\/\/hispanobelga.com\/en\/aviso-legal\/\" \/>\n<meta property=\"og:site_name\" content=\"Hispano Belga Economistas &amp; Auditores, S.L.P\" \/>\n<meta property=\"article:publisher\" content=\"https:\/\/www.facebook.com\/pages\/Hispano-Belga-Economistas-Auditores-SLP\/742801459114393\" \/>\n<meta property=\"article:modified_time\" content=\"2024-03-19T09:07:43+00:00\" \/>\n<meta property=\"og:image\" content=\"https:\/\/hispanobelga.com\/wp-content\/uploads\/2023\/07\/logoHispanobelga.png\" \/>\n\t<meta property=\"og:image:width\" content=\"1421\" \/>\n\t<meta property=\"og:image:height\" content=\"333\" \/>\n\t<meta property=\"og:image:type\" content=\"image\/png\" \/>\n<meta name=\"twitter:card\" content=\"summary_large_image\" \/>\n<meta name=\"twitter:site\" content=\"@Hispano_Belga\" \/>\n<meta name=\"twitter:label1\" content=\"Estimated reading time\" \/>\n\t<meta name=\"twitter:data1\" content=\"6 minutes\" \/>\n<script type=\"application\/ld+json\" class=\"yoast-schema-graph\">{\"@context\":\"https:\/\/schema.org\",\"@graph\":[{\"@type\":\"WebPage\",\"@id\":\"https:\/\/hispanobelga.com\/aviso-legal\/\",\"url\":\"https:\/\/hispanobelga.com\/aviso-legal\/\",\"name\":\"Aviso Legal\",\"isPartOf\":{\"@id\":\"https:\/\/hispanobelga.com\/#website\"},\"datePublished\":\"2023-07-20T09:03:16+00:00\",\"dateModified\":\"2024-03-19T09:07:43+00:00\",\"description\":\"Aviso legal, Propiedad intelectual Condiciones de acceso, uso de pol\u00edticas de privacidad, Responsabilidades de vigencia, etc.\",\"breadcrumb\":{\"@id\":\"https:\/\/hispanobelga.com\/aviso-legal\/#breadcrumb\"},\"inLanguage\":\"en-GB\",\"potentialAction\":[{\"@type\":\"ReadAction\",\"target\":[\"https:\/\/hispanobelga.com\/aviso-legal\/\"]}]},{\"@type\":\"BreadcrumbList\",\"@id\":\"https:\/\/hispanobelga.com\/aviso-legal\/#breadcrumb\",\"itemListElement\":[{\"@type\":\"ListItem\",\"position\":1,\"name\":\"Inicio\",\"item\":\"https:\/\/hispanobelga.com\/\"},{\"@type\":\"ListItem\",\"position\":2,\"name\":\"Aviso Legal\"}]},{\"@type\":\"WebSite\",\"@id\":\"https:\/\/hispanobelga.com\/#website\",\"url\":\"https:\/\/hispanobelga.com\/\",\"name\":\"Hispanobelga\",\"description\":\"Hispano Belga Economistas &amp; Auditores, S.L.P\",\"publisher\":{\"@id\":\"https:\/\/hispanobelga.com\/#organization\"},\"potentialAction\":[{\"@type\":\"SearchAction\",\"target\":{\"@type\":\"EntryPoint\",\"urlTemplate\":\"https:\/\/hispanobelga.com\/?s={search_term_string}\"},\"query-input\":{\"@type\":\"PropertyValueSpecification\",\"valueRequired\":true,\"valueName\":\"search_term_string\"}}],\"inLanguage\":\"en-GB\"},{\"@type\":\"Organization\",\"@id\":\"https:\/\/hispanobelga.com\/#organization\",\"name\":\"Hispanobelga\",\"url\":\"https:\/\/hispanobelga.com\/\",\"logo\":{\"@type\":\"ImageObject\",\"inLanguage\":\"en-GB\",\"@id\":\"https:\/\/hispanobelga.com\/#\/schema\/logo\/image\/\",\"url\":\"https:\/\/hispanobelga.com\/wp-content\/uploads\/2023\/07\/logoHispanobelga.png\",\"contentUrl\":\"https:\/\/hispanobelga.com\/wp-content\/uploads\/2023\/07\/logoHispanobelga.png\",\"width\":1421,\"height\":333,\"caption\":\"Hispanobelga\"},\"image\":{\"@id\":\"https:\/\/hispanobelga.com\/#\/schema\/logo\/image\/\"},\"sameAs\":[\"https:\/\/www.facebook.com\/pages\/Hispano-Belga-Economistas-Auditores-SLP\/742801459114393\",\"https:\/\/x.com\/Hispano_Belga\",\"https:\/\/www.linkedin.com\/company\/5358968?trk=tyah&trkInfo=tarId1412595331745tashispano-belgaidx2-1-3\"]}]}<\/script>\n<!-- \/ Yoast SEO plugin. -->","yoast_head_json":{"title":"Aviso Legal","description":"Aviso legal, Propiedad intelectual Condiciones de acceso, uso de pol\u00edticas de privacidad, Responsabilidades de vigencia, etc.","robots":{"index":"index","follow":"follow","max-snippet":"max-snippet:-1","max-image-preview":"max-image-preview:large","max-video-preview":"max-video-preview:-1"},"canonical":"https:\/\/hispanobelga.com\/en\/aviso-legal\/","og_locale":"en_GB","og_type":"article","og_title":"Aviso Legal","og_description":"Aviso legal, Propiedad intelectual Condiciones de acceso, uso de pol\u00edticas de privacidad, Responsabilidades de vigencia, etc.","og_url":"https:\/\/hispanobelga.com\/en\/aviso-legal\/","og_site_name":"Hispano Belga Economistas &amp; Auditores, S.L.P","article_publisher":"https:\/\/www.facebook.com\/pages\/Hispano-Belga-Economistas-Auditores-SLP\/742801459114393","article_modified_time":"2024-03-19T09:07:43+00:00","og_image":[{"width":1421,"height":333,"url":"https:\/\/hispanobelga.com\/wp-content\/uploads\/2023\/07\/logoHispanobelga.png","type":"image\/png"}],"twitter_card":"summary_large_image","twitter_site":"@Hispano_Belga","twitter_misc":{"Estimated reading time":"6 minutes"},"schema":{"@context":"https:\/\/schema.org","@graph":[{"@type":"WebPage","@id":"https:\/\/hispanobelga.com\/aviso-legal\/","url":"https:\/\/hispanobelga.com\/aviso-legal\/","name":"Aviso Legal","isPartOf":{"@id":"https:\/\/hispanobelga.com\/#website"},"datePublished":"2023-07-20T09:03:16+00:00","dateModified":"2024-03-19T09:07:43+00:00","description":"Aviso legal, Propiedad intelectual Condiciones de acceso, uso de pol\u00edticas de privacidad, Responsabilidades de vigencia, etc.","breadcrumb":{"@id":"https:\/\/hispanobelga.com\/aviso-legal\/#breadcrumb"},"inLanguage":"en-GB","potentialAction":[{"@type":"ReadAction","target":["https:\/\/hispanobelga.com\/aviso-legal\/"]}]},{"@type":"BreadcrumbList","@id":"https:\/\/hispanobelga.com\/aviso-legal\/#breadcrumb","itemListElement":[{"@type":"ListItem","position":1,"name":"Inicio","item":"https:\/\/hispanobelga.com\/"},{"@type":"ListItem","position":2,"name":"Aviso Legal"}]},{"@type":"WebSite","@id":"https:\/\/hispanobelga.com\/#website","url":"https:\/\/hispanobelga.com\/","name":"Hispanobelga","description":"Hispano Belga Economistas &amp; Auditores, S.L.P","publisher":{"@id":"https:\/\/hispanobelga.com\/#organization"},"potentialAction":[{"@type":"SearchAction","target":{"@type":"EntryPoint","urlTemplate":"https:\/\/hispanobelga.com\/?s={search_term_string}"},"query-input":{"@type":"PropertyValueSpecification","valueRequired":true,"valueName":"search_term_string"}}],"inLanguage":"en-GB"},{"@type":"Organization","@id":"https:\/\/hispanobelga.com\/#organization","name":"Hispanobelga","url":"https:\/\/hispanobelga.com\/","logo":{"@type":"ImageObject","inLanguage":"en-GB","@id":"https:\/\/hispanobelga.com\/#\/schema\/logo\/image\/","url":"https:\/\/hispanobelga.com\/wp-content\/uploads\/2023\/07\/logoHispanobelga.png","contentUrl":"https:\/\/hispanobelga.com\/wp-content\/uploads\/2023\/07\/logoHispanobelga.png","width":1421,"height":333,"caption":"Hispanobelga"},"image":{"@id":"https:\/\/hispanobelga.com\/#\/schema\/logo\/image\/"},"sameAs":["https:\/\/www.facebook.com\/pages\/Hispano-Belga-Economistas-Auditores-SLP\/742801459114393","https:\/\/x.com\/Hispano_Belga","https:\/\/www.linkedin.com\/company\/5358968?trk=tyah&trkInfo=tarId1412595331745tashispano-belgaidx2-1-3"]}]}},"_links":{"self":[{"href":"https:\/\/hispanobelga.com\/en\/wp-json\/wp\/v2\/pages\/7677","targetHints":{"allow":["GET"]}}],"collection":[{"href":"https:\/\/hispanobelga.com\/en\/wp-json\/wp\/v2\/pages"}],"about":[{"href":"https:\/\/hispanobelga.com\/en\/wp-json\/wp\/v2\/types\/page"}],"author":[{"embeddable":true,"href":"https:\/\/hispanobelga.com\/en\/wp-json\/wp\/v2\/users\/1"}],"replies":[{"embeddable":true,"href":"https:\/\/hispanobelga.com\/en\/wp-json\/wp\/v2\/comments?post=7677"}],"version-history":[{"count":0,"href":"https:\/\/hispanobelga.com\/en\/wp-json\/wp\/v2\/pages\/7677\/revisions"}],"wp:attachment":[{"href":"https:\/\/hispanobelga.com\/en\/wp-json\/wp\/v2\/media?parent=7677"}],"curies":[{"name":"wp","href":"https:\/\/api.w.org\/{rel}","templated":true}]}}